{"id":146,"date":"2023-11-12T20:00:18","date_gmt":"2023-11-12T19:00:18","guid":{"rendered":"https:\/\/www.top-met.pl\/?page_id=146"},"modified":"2024-07-19T19:28:10","modified_gmt":"2024-07-19T17:28:10","slug":"ooo","status":"publish","type":"page","link":"https:\/\/www.top-met.pl\/","title":{"rendered":"O nas"},"content":{"rendered":"<style>\/*! elementor - v3.17.0 - 08-11-2023 *\/\n.elementor-heading-title{padding:0;margin:0;line-height:1}.elementor-widget-heading .elementor-heading-title[class*=elementor-size-]>a{color:inherit;font-size:inherit;line-height:inherit}.elementor-widget-heading .elementor-heading-title.elementor-size-small{font-size:15px}.elementor-widget-heading .elementor-heading-title.elementor-size-medium{font-size:19px}.elementor-widget-heading .elementor-heading-title.elementor-size-large{font-size:29px}.elementor-widget-heading .elementor-heading-title.elementor-size-xl{font-size:39px}.elementor-widget-heading .elementor-heading-title.elementor-size-xxl{font-size:59px}<\/style>\n<h2>Firma TOP-MET<\/h2>\n<p>Nowy sklep z akcesoriami budowlanymi w Piotrkowie Trybunalskim. Znamy wszystkie swoje produkty od strony praktycznej, dlatego oferujemy fachowe doradztwo. Ci\u0105gle si\u0119 rozwijamy i powi\u0119kszamy sw\u00f3j asortyment, aby zadowoli\u0107 ka\u017cdego klienta. Wyr\u00f3\u017cnia nas jako\u015b\u0107.<\/p>\n<p>Oferujemy: \u015bruby, pr\u0119ty gwintowane, gwo\u017adzie, szeroki zakres ko\u0142k\u00f3w i wkr\u0119t\u00f3w, kotwy mechaniczne, chemi\u0119 budowlan\u0105, artyku\u0142y malarskie, ta\u015bmy, tarcze, wiert\u0142a i wiele innych \u2013 a to wszystko w atrakcyjnych cenach.<\/p>\n<h3>Kategorie produkt\u00f3w<\/h3>\n<h4>Artyku\u0142y metalowe<\/h4>\n<style>\/*! elementor - v3.17.0 - 08-11-2023 *\/\n.elementor-accordion{text-align:left}.elementor-accordion .elementor-accordion-item{border:1px solid #d5d8dc}.elementor-accordion .elementor-accordion-item+.elementor-accordion-item{border-top:none}.elementor-accordion .elementor-tab-title{margin:0;padding:15px 20px;font-weight:700;line-height:1;cursor:pointer;outline:none}.elementor-accordion .elementor-tab-title .elementor-accordion-icon{display:inline-block;width:1.5em}.elementor-accordion .elementor-tab-title .elementor-accordion-icon svg{width:1em;height:1em}.elementor-accordion .elementor-tab-title .elementor-accordion-icon.elementor-accordion-icon-right{float:right;text-align:right}.elementor-accordion .elementor-tab-title .elementor-accordion-icon.elementor-accordion-icon-left{float:left;text-align:left}.elementor-accordion .elementor-tab-title .elementor-accordion-icon .elementor-accordion-icon-closed{display:block}.elementor-accordion .elementor-tab-title .elementor-accordion-icon .elementor-accordion-icon-opened,.elementor-accordion .elementor-tab-title.elementor-active .elementor-accordion-icon-closed{display:none}.elementor-accordion .elementor-tab-title.elementor-active .elementor-accordion-icon-opened{display:block}.elementor-accordion .elementor-tab-content{display:none;padding:15px 20px;border-top:1px solid #d5d8dc}@media (max-width:767px){.elementor-accordion .elementor-tab-title{padding:12px 15px}.elementor-accordion .elementor-tab-title .elementor-accordion-icon{width:1.2em}.elementor-accordion .elementor-tab-content{padding:7px 15px}}.e-con-inner>.elementor-widget-accordion,.e-con>.elementor-widget-accordion{width:var(--container-widget-width);--flex-grow:var(--container-widget-flex-grow)}<\/style>\n<p>\t\t\t\t\t\t\t\t\t\t\t\t<a tabindex=\"0\">\u015aruby<\/a><\/p>\n<ul>\n<li>\u015bruby maszynowe z \u0142bem sze\u015bciok\u0105tnym kl. 5.8 i 8.8<\/li>\n<li>\u015bruby podsadzane<\/li>\n<li>pr\u0119ty gwintowane<\/li>\n<li>\u015bruby z uchem<\/li>\n<li>\u015bruby rzymskie<\/li>\n<\/ul>\n<p>\t\t\t\t\t\t\t\t\t\t\t\t<a tabindex=\"0\">Podk\u0142adki<\/a><\/p>\n<ul>\n<li>podk\u0142adki zwyk\u0142e<\/li>\n<li>podk\u0142adki powi\u0119kszane<\/li>\n<li>podk\u0142adki spr\u0119\u017cyste<\/li>\n<li>podk\u0142adki ciesielskie<\/li>\n<li>podk\u0142adki do papy<\/li>\n<\/ul>\n<p>\t\t\t\t\t\t\t\t\t\t\t\t<a tabindex=\"0\">Nakr\u0119tki<\/a><\/p>\n<ul>\n<li>nakr\u0119tki sze\u015bciok\u0105tne kl. 5.8 i 8.8<\/li>\n<li>nakr\u0119tki samokontruj\u0105ce<\/li>\n<li>nakr\u0119tki z uchem<\/li>\n<li>nakr\u0119tki ko\u0142pakowe<\/li>\n<li>nakr\u0119tki motylkowe<\/li>\n<li>nakr\u0119tki przed\u0142u\u017cane z\u0142\u0105czne<\/li>\n<\/ul>\n<p>\t\t\t\t\t\t\t\t\t\t\t\t<a tabindex=\"0\">Gwo\u017adzie<\/a><\/p>\n<ul>\n<li>gwo\u017adzie budowlane ocynk<\/li>\n<li>gwo\u017adzie papowe ocynk<\/li>\n<li>gwo\u017adzie skr\u0119tne<\/li>\n<li>skoble V<\/li>\n<li>gwo\u017adzie do z\u0142\u0105czy ciesielskich<\/li>\n<li>gwo\u017adzie hartowane murarskie<\/li>\n<\/ul>\n<p>\t\t\t\t\t\t\t\t\t\t\t\t<a tabindex=\"0\">Wkr\u0119ty<\/a><\/p>\n<ul>\n<li>wkr\u0119ty hartowane z \u0142bem sto\u017ckowym z gniazdem TORX<\/li>\n<li>wkr\u0119ty ciesielskie z \u0142bem podk\u0142adkowym<\/li>\n<li>wkr\u0119ty fosfatowane<\/li>\n<li>wkr\u0119ty dystansowe do poziomowania<\/li>\n<li>wkr\u0119ty podk\u0142adkowe<\/li>\n<li>wkr\u0119ty do o\u015bcie\u017cnic z \u0142bem walcowym\/sto\u017ckowym<\/li>\n<li>&#8211; wkr\u0119ty do betonu<\/li>\n<\/ul>\n<p>\t\t\t\t\t\t\t\t\t\t\t\t<a tabindex=\"0\">Ko\u0142ki i kotwy<\/a><\/p>\n<ul>\n<li>ko\u0142ki szybki monta\u017c<\/li>\n<li>ko\u0142ki ramowe i rozporowe<\/li>\n<li>kotwy ekspresowe<\/li>\n<li>kotwy jedno i dwu-rozporowe<\/li>\n<li>tuleje stalowe wbijane<\/li>\n<li>tuleje mosi\u0119\u017cne rozporowe<\/li>\n<li>&#8211; metalowe \u0142\u0105czniki rozporowe typ KMG<\/li>\n<li>&#8211; wkr\u0119ty do betonu<\/li>\n<li>&#8211; ko\u0142ki do styropianu<\/li>\n<\/ul>\n<p>\t\t\t\t\t\t\t\t\t\t\t\t<a tabindex=\"0\">Pozosta\u0142e<\/a><\/p>\n<ul>\n<li>z\u0142\u0105cza ciesielskie<\/li>\n<li>wieszaki p\u00f3\u0142ek<\/li>\n<li>podstawy s\u0142upa<\/li>\n<li>nity<\/li>\n<li>drut wi\u0105za\u0142kowy<\/li>\n<li>karabi\u0144czyki<\/li>\n<li>opaski zaciskowe<\/li>\n<li>zasuwy, zawiaski, stopki, k\u0142\u00f3dki<\/li>\n<li>\u0142opaty, szpadle, szczotki<\/li>\n<\/ul>\n<style>\/*! elementor - v3.17.0 - 08-11-2023 *\/\n.elementor-widget-divider{--divider-border-style:none;--divider-border-width:1px;--divider-color:#0c0d0e;--divider-icon-size:20px;--divider-element-spacing:10px;--divider-pattern-height:24px;--divider-pattern-size:20px;--divider-pattern-url:none;--divider-pattern-repeat:repeat-x}.elementor-widget-divider .elementor-divider{display:flex}.elementor-widget-divider .elementor-divider__text{font-size:15px;line-height:1;max-width:95%}.elementor-widget-divider .elementor-divider__element{margin:0 var(--divider-element-spacing);flex-shrink:0}.elementor-widget-divider .elementor-icon{font-size:var(--divider-icon-size)}.elementor-widget-divider .elementor-divider-separator{display:flex;margin:0;direction:ltr}.elementor-widget-divider--view-line_icon .elementor-divider-separator,.elementor-widget-divider--view-line_text .elementor-divider-separator{align-items:center}.elementor-widget-divider--view-line_icon .elementor-divider-separator:after,.elementor-widget-divider--view-line_icon .elementor-divider-separator:before,.elementor-widget-divider--view-line_text .elementor-divider-separator:after,.elementor-widget-divider--view-line_text .elementor-divider-separator:before{display:block;content:\"\";border-bottom:0;flex-grow:1;border-top:var(--divider-border-width) var(--divider-border-style) var(--divider-color)}.elementor-widget-divider--element-align-left .elementor-divider .elementor-divider-separator>.elementor-divider__svg:first-of-type{flex-grow:0;flex-shrink:100}.elementor-widget-divider--element-align-left .elementor-divider-separator:before{content:none}.elementor-widget-divider--element-align-left .elementor-divider__element{margin-left:0}.elementor-widget-divider--element-align-right .elementor-divider .elementor-divider-separator>.elementor-divider__svg:last-of-type{flex-grow:0;flex-shrink:100}.elementor-widget-divider--element-align-right .elementor-divider-separator:after{content:none}.elementor-widget-divider--element-align-right .elementor-divider__element{margin-right:0}.elementor-widget-divider:not(.elementor-widget-divider--view-line_text):not(.elementor-widget-divider--view-line_icon) .elementor-divider-separator{border-top:var(--divider-border-width) var(--divider-border-style) var(--divider-color)}.elementor-widget-divider--separator-type-pattern{--divider-border-style:none}.elementor-widget-divider--separator-type-pattern.elementor-widget-divider--view-line .elementor-divider-separator,.elementor-widget-divider--separator-type-pattern:not(.elementor-widget-divider--view-line) .elementor-divider-separator:after,.elementor-widget-divider--separator-type-pattern:not(.elementor-widget-divider--view-line) .elementor-divider-separator:before,.elementor-widget-divider--separator-type-pattern:not([class*=elementor-widget-divider--view]) .elementor-divider-separator{width:100%;min-height:var(--divider-pattern-height);-webkit-mask-size:var(--divider-pattern-size) 100%;mask-size:var(--divider-pattern-size) 100%;-webkit-mask-repeat:var(--divider-pattern-repeat);mask-repeat:var(--divider-pattern-repeat);background-color:var(--divider-color);-webkit-mask-image:var(--divider-pattern-url);mask-image:var(--divider-pattern-url)}.elementor-widget-divider--no-spacing{--divider-pattern-size:auto}.elementor-widget-divider--bg-round{--divider-pattern-repeat:round}.rtl .elementor-widget-divider .elementor-divider__text{direction:rtl}.e-con-inner>.elementor-widget-divider,.e-con>.elementor-widget-divider{width:var(--container-widget-width,100%);--flex-grow:var(--container-widget-flex-grow)}<\/style>\n<h3>Akcesoria do elektronarz\u0119dzi<\/h3>\n<p>Z perspektywy wykonawcydoceniamy jako\u015b\u0107 narz\u0119dzi, kt\u00f3re przyspieszaj\u0105 prac\u0119.<br \/>\nDlatego oferujemy akcesoria uznanych firm jak Makita czy DeWalt. W naszym sklepie mo\u017cna jednak znale\u017a\u0107 tak\u017ce narz\u0119dzia ta\u0144sze, dopasowane do potrzeb majsterkowicz\u00f3w.<\/p>\n<p>\t\t\t\t\t\t\t\t\t\t\t\t<a tabindex=\"0\">Wiert\u0142a<\/a><\/p>\n<ul>\n<li>wiert\u0142a do betonu, d\u0142uta, szpice<\/li>\n<li>wiert\u0142a do metalu<\/li>\n<li>wiert\u0142a do drewna<\/li>\n<li>otwornice do glazury, g-k, drewna i betonu<\/li>\n<\/ul>\n<p>\t\t\t\t\t\t\t\t\t\t\t\t<a tabindex=\"0\">Tarcze<\/a><\/p>\n<ul>\n<li>tarcze do metalu<\/li>\n<li>tarcze do betonu<\/li>\n<li>tarcze do drewna<\/li>\n<li>tarcze do kamienia<\/li>\n<li>tarcze do szlifowania<\/li>\n<li>tarcze listkowe<\/li>\n<li>szczotki do szlifowania<\/li>\n<\/ul>\n<p>\t\t\t\t\t\t\t\t\t\t\t\t<a tabindex=\"0\">Ko\u0144c\u00f3wki do wkr\u0119tarek<\/a><\/p>\n<ul>\n<li>bity, adaptery do bit\u00f3w<\/li>\n<li>zestawy ko\u0144c\u00f3wek do wkr\u0119tarek<\/li>\n<li>klucze nasadkowe<\/li>\n<\/ul>\n<p>\t\t\t\t\t\t\t\t\t\t\t\t<a tabindex=\"0\">Mieszad\u0142a do farb i zapraw<\/a><\/p>\n<h3>Chemia budowlana<\/h3>\n<ul>\n<li>kotwy chemiczne<\/li>\n<li>piany monta\u017cowe<\/li>\n<li>pianokleje<\/li>\n<li>silikony, akryle<\/li>\n<li>uszczelniacze dekarskie<\/li>\n<\/ul>\n<h3>Artyku\u0142y malarskie<\/h3>\n<ul>\n<li>papier \u015bcierny<\/li>\n<li>p\u0142\u00f3tno \u015bcierne<\/li>\n<li>tarcze \u015bcierne listkowe<\/li>\n<li>kamienie szlifierskie<\/li>\n<li>szczotki druciane<\/li>\n<\/ul>\n<h3>Narz\u0119dziA<\/h3>\n<p>Oferujemy narz\u0119dzia r\u0119czne firm Jobi oraz GEKO. Posiadaj\u0105 one zaskakuj\u0105co dobry stosunek jako\u015bci do ceny. W przypadku narz\u0119dzi precyzyjnych, takich jak no\u017cyce do blachy czy k\u0105towniki miernicze, stawiamy na niezawodno\u015b\u0107 firmy Stanley.<\/p>\n<p>\t\t\t\t\t\t\t\t\t\t\t\t<a tabindex=\"0\">Narz\u0119dzia r\u0119czne<\/a><\/p>\n<ul>\n<li>no\u017ce, miarki, o\u0142\u00f3wki<\/li>\n<li>kielnie, blachy, pace<\/li>\n<li>wkr\u0119taki<\/li>\n<li>m\u0142otki, siekiery<\/li>\n<li>\u0142omy, przecinaki<\/li>\n<li>no\u017cyce blachy, do drutu<\/li>\n<li>szczypce, obcinaczki, obc\u0119gi<\/li>\n<li>nitownice<\/li>\n<li>pi\u0142ki do drewna, g-k<\/li>\n<li>k\u0105towniki<\/li>\n<li>\u015bciski<\/li>\n<li>pistolety do pianki oraz do silikonu<\/li>\n<\/ul>\n<p>\t\t\t\t\t\t\t\t\t\t\t\t<a tabindex=\"0\">Klucze<\/a><\/p>\n<ul>\n<li>klucze p\u0142asko-oczkowe<\/li>\n<li>klucze nasadkowe<\/li>\n<li>klucze nastawne, c\u0119gi do rur<\/li>\n<li>grzechotki<\/li>\n<\/ul>\n<h2>Akcesoria malarskie<\/h2>\n<ul>\n<li>p\u0119dzle, wa\u0142ki, kuwety<\/li>\n<li>ta\u015bmy malarskie<\/li>\n<li>folie malarskie<\/li>\n<\/ul>\n<h2>Solid Tools<\/h2>\n<ul>\n<li>akcesoria malarskie<\/li>\n<li>szpachelki, kielnie, pace, blachy, tarniki<\/li>\n<li>ta\u015bmy malarskie, elewacyjne, dwustronne, DUCT (szara ta\u015bma), pakowe, ostrzegawcze, do stolarki okiennej<\/li>\n<li>folie ochronne<\/li>\n<li>folia STRETCH<\/li>\n<li>worki na \u015bmieci od 30l do 400l<\/li>\n<\/ul>\n<h2>Artyku\u0142y BHP<\/h2>\n<ul>\n<li>r\u0119kawice<\/li>\n<li>okulary<\/li>\n<li>ochraniacze s\u0142uchu<\/li>\n<li>nakolanniki<\/li>\n<li>p\u00f3\u0142maski przeciwpy\u0142owe<\/li>\n<\/ul>\n","protected":false},"excerpt":{"rendered":"<p>Firma TOP-MET Nowy sklep z akcesoriami budowlanymi w Piotrkowie Trybunalskim. Znamy wszystkie swoje produkty od strony praktycznej, dlatego oferujemy fachowe doradztwo. Ci\u0105gle si\u0119 rozwijamy i powi\u0119kszamy sw\u00f3j asortyment, aby zadowoli\u0107 ka\u017cdego klienta. Wyr\u00f3\u017cnia nas jako\u015b\u0107. Oferujemy: \u015bruby, pr\u0119ty gwintowane, gwo\u017adzie, szeroki zakres ko\u0142k\u00f3w i wkr\u0119t\u00f3w, kotwy mechaniczne, chemi\u0119 budowlan\u0105, artyku\u0142y malarskie, ta\u015bmy, tarcze, wiert\u0142a i wiele innych \u2013 a to wszystko w atrakcyjnych cenach. Kategorie produkt\u00f3w Artyku\u0142y metalowe \u015aruby \u015bruby maszynowe z \u0142bem sze\u015bciok\u0105tnym kl. 5.8 i 8.8 \u015bruby podsadzane pr\u0119ty gwintowane \u015bruby z uchem \u015bruby rzymskie Podk\u0142adki podk\u0142adki zwyk\u0142e podk\u0142adki powi\u0119kszane podk\u0142adki spr\u0119\u017cyste podk\u0142adki ciesielskie podk\u0142adki do papy Nakr\u0119tki nakr\u0119tki sze\u015bciok\u0105tne kl. 5.8 i 8.8 nakr\u0119tki samokontruj\u0105ce nakr\u0119tki z uchem nakr\u0119tki ko\u0142pakowe nakr\u0119tki motylkowe nakr\u0119tki przed\u0142u\u017cane z\u0142\u0105czne Gwo\u017adzie gwo\u017adzie budowlane ocynk gwo\u017adzie papowe ocynk gwo\u017adzie skr\u0119tne skoble V gwo\u017adzie do z\u0142\u0105czy ciesielskich gwo\u017adzie hartowane murarskie Wkr\u0119ty wkr\u0119ty hartowane z \u0142bem sto\u017ckowym z gniazdem TORX wkr\u0119ty ciesielskie z \u0142bem podk\u0142adkowym&hellip;<\/p>\n<p> <a class=\"more-link\" href=\"https:\/\/www.top-met.pl\/\">Dowiedz si\u0119 wi\u0119cej<\/a><\/p>\n","protected":false},"author":2,"featured_media":0,"parent":0,"menu_order":0,"comment_status":"closed","ping_status":"closed","template":"","meta":{"om_disable_all_campaigns":false,"_monsterinsights_skip_tracking":false,"_monsterinsights_sitenote_active":false,"_monsterinsights_sitenote_note":"","_monsterinsights_sitenote_category":0,"footnotes":""},"class_list":["post-146","page","type-page","status-publish"],"aioseo_notices":[],"_links":{"self":[{"href":"https:\/\/www.top-met.pl\/index.php\/wp-json\/wp\/v2\/pages\/146","targetHints":{"allow":["GET"]}}],"collection":[{"href":"https:\/\/www.top-met.pl\/index.php\/wp-json\/wp\/v2\/pages"}],"about":[{"href":"https:\/\/www.top-met.pl\/index.php\/wp-json\/wp\/v2\/types\/page"}],"author":[{"embeddable":true,"href":"https:\/\/www.top-met.pl\/index.php\/wp-json\/wp\/v2\/users\/2"}],"replies":[{"embeddable":true,"href":"https:\/\/www.top-met.pl\/index.php\/wp-json\/wp\/v2\/comments?post=146"}],"version-history":[{"count":25,"href":"https:\/\/www.top-met.pl\/index.php\/wp-json\/wp\/v2\/pages\/146\/revisions"}],"predecessor-version":[{"id":175,"href":"https:\/\/www.top-met.pl\/index.php\/wp-json\/wp\/v2\/pages\/146\/revisions\/175"}],"wp:attachment":[{"href":"https:\/\/www.top-met.pl\/index.php\/wp-json\/wp\/v2\/media?parent=146"}],"curies":[{"name":"wp","href":"https:\/\/api.w.org\/{rel}","templated":true}]}}