{"id":123,"date":"2023-11-12T18:25:20","date_gmt":"2023-11-12T17:25:20","guid":{"rendered":"https:\/\/www.top-met.pl\/?page_id=123"},"modified":"2023-11-13T19:47:05","modified_gmt":"2023-11-13T18:47:05","slug":"akcesoria","status":"publish","type":"page","link":"https:\/\/www.top-met.pl\/index.php\/akcesoria\/","title":{"rendered":"Akcesoria"},"content":{"rendered":"<form role=\"search\" method=\"get\" action=\"https:\/\/www.top-met.pl\/\" class=\"wp-block-search__button-outside wp-block-search__text-button wp-block-search\"    ><label class=\"wp-block-search__label\" for=\"wp-block-search__input-1\" >Szukaj<\/label><div class=\"wp-block-search__inside-wrapper\" ><input class=\"wp-block-search__input\" id=\"wp-block-search__input-1\" placeholder=\"Szukaj produkt\u00f3w\u2026\" value=\"\" type=\"search\" name=\"s\" required \/><input type=\"hidden\" name=\"post_type\" value=\"product\" \/><button aria-label=\"Szukaj\" class=\"wp-block-search__button wp-element-button\" type=\"submit\" >Szukaj<\/button><\/div><\/form>\n\n<div data-block-name=\"woocommerce\/all-products\" data-columns=\"4\" data-rows=\"3\" data-align-buttons=\"false\" data-content-visibility=\"{&quot;orderBy&quot;:true}\" data-orderby=\"date\" data-layout-config=\"[[&quot;woocommerce\\\/product-image&quot;,{&quot;imageSizing&quot;:&quot;thumbnail&quot;}],[&quot;woocommerce\\\/product-title&quot;],[&quot;woocommerce\\\/product-price&quot;],[&quot;woocommerce\\\/product-rating&quot;],[&quot;woocommerce\\\/product-button&quot;]]\" class=\"wp-block-woocommerce-all-products wc-block-all-products\" data-attributes=\"{&quot;alignButtons&quot;:false,&quot;columns&quot;:4,&quot;contentVisibility&quot;:{&quot;orderBy&quot;:true},&quot;isPreview&quot;:false,&quot;layoutConfig&quot;:[[&quot;woocommerce\/product-image&quot;,{&quot;imageSizing&quot;:&quot;thumbnail&quot;}],[&quot;woocommerce\/product-title&quot;],[&quot;woocommerce\/product-price&quot;],[&quot;woocommerce\/product-rating&quot;],[&quot;woocommerce\/product-button&quot;]],&quot;orderby&quot;:&quot;date&quot;,&quot;rows&quot;:3}\"><div data-block-name=\"woocommerce\/product-image\" data-image-sizing=\"thumbnail\" class=\"is-loading\"><\/div>\n\n<div data-block-name=\"woocommerce\/product-title\" class=\"wp-block-woocommerce-product-title is-loading\"><\/div>\n\n<div data-block-name=\"woocommerce\/product-price\" class=\"is-loading\"><\/div>\n\n<div data-block-name=\"woocommerce\/product-rating\" class=\"is-loading\"><\/div>\n\n<\/div>\n\n<div data-block-name=\"woocommerce\/product-categories\" class=\"wp-block-woocommerce-product-categories wc-block-product-categories is-list \" style=\"\"><ul class=\"wc-block-product-categories-list wc-block-product-categories-list--depth-0\">\t\t\t\t<li class=\"wc-block-product-categories-list-item\">\t\t\t\t\t<a style=\"\" href=\"https:\/\/www.top-met.pl\/index.php\/kategoria-produktu\/gwozdzie-wkrety-sruby-kolki\/\"><span class=\"wc-block-product-categories-list-item__name\">Gwo\u017adzie, wkr\u0119ty, \u015bruby, ko\u0142ki<\/span><\/a><span class=\"wc-block-product-categories-list-item-count\"><span aria-hidden=\"true\">4<\/span><span class=\"screen-reader-text\">4 products<\/span><\/span>\t\t\t\t<\/li>\t\t\t\t\t\t\t<li class=\"wc-block-product-categories-list-item\">\t\t\t\t\t<a style=\"\" href=\"https:\/\/www.top-met.pl\/index.php\/kategoria-produktu\/kotwy-do-betonu\/\"><span class=\"wc-block-product-categories-list-item__name\">Kotwy do betonu<\/span><\/a><span class=\"wc-block-product-categories-list-item-count\"><span aria-hidden=\"true\">6<\/span><span class=\"screen-reader-text\">6 products<\/span><\/span>\t\t\t\t<\/li>\t\t\t\t\t\t\t<li class=\"wc-block-product-categories-list-item\">\t\t\t\t\t<a style=\"\" href=\"https:\/\/www.top-met.pl\/index.php\/kategoria-produktu\/materialy-budowlane\/\"><span class=\"wc-block-product-categories-list-item__name\">Materia\u0142y budowlane<\/span><\/a><span class=\"wc-block-product-categories-list-item-count\"><span aria-hidden=\"true\">4<\/span><span class=\"screen-reader-text\">4 products<\/span><\/span>\t\t\t\t<\/li>\t\t\t<\/ul><\/div>","protected":false},"excerpt":{"rendered":"","protected":false},"author":1,"featured_media":0,"parent":0,"menu_order":0,"comment_status":"closed","ping_status":"closed","template":"","meta":{"om_disable_all_campaigns":false,"_monsterinsights_skip_tracking":false,"_monsterinsights_sitenote_active":false,"_monsterinsights_sitenote_note":"","_monsterinsights_sitenote_category":0,"footnotes":""},"class_list":["post-123","page","type-page","status-publish"],"aioseo_notices":[],"_links":{"self":[{"href":"https:\/\/www.top-met.pl\/index.php\/wp-json\/wp\/v2\/pages\/123","targetHints":{"allow":["GET"]}}],"collection":[{"href":"https:\/\/www.top-met.pl\/index.php\/wp-json\/wp\/v2\/pages"}],"about":[{"href":"https:\/\/www.top-met.pl\/index.php\/wp-json\/wp\/v2\/types\/page"}],"author":[{"embeddable":true,"href":"https:\/\/www.top-met.pl\/index.php\/wp-json\/wp\/v2\/users\/1"}],"replies":[{"embeddable":true,"href":"https:\/\/www.top-met.pl\/index.php\/wp-json\/wp\/v2\/comments?post=123"}],"version-history":[{"count":11,"href":"https:\/\/www.top-met.pl\/index.php\/wp-json\/wp\/v2\/pages\/123\/revisions"}],"predecessor-version":[{"id":217,"href":"https:\/\/www.top-met.pl\/index.php\/wp-json\/wp\/v2\/pages\/123\/revisions\/217"}],"wp:attachment":[{"href":"https:\/\/www.top-met.pl\/index.php\/wp-json\/wp\/v2\/media?parent=123"}],"curies":[{"name":"wp","href":"https:\/\/api.w.org\/{rel}","templated":true}]}}